{"id":18028,"date":"2017-04-12T10:04:22","date_gmt":"2017-04-12T15:04:22","guid":{"rendered":"https:\/\/emisora.univalle.edu.co\/?page_id=18028"},"modified":"2017-04-12T10:04:22","modified_gmt":"2017-04-12T15:04:22","slug":"america-andina","status":"publish","type":"page","link":"https:\/\/emisora.univalle.edu.co\/index.php\/america-andina\/","title":{"rendered":"Am\u00e9rica Andina"},"content":{"rendered":"<p>Am\u00e9rica Andina es un espacio para la mejor m\u00fasica andina y latinoamericana. Todos los s\u00e1bados de 8 a 9 de la ma\u00f1ana. En Am\u00e9rica Andina\u00a0 se habla de la actualidad latinoamericana ambientados con los mejores int\u00e9rpretes de nuestra regi\u00f3n.<\/p>\n<p>Este programa destaca nuestras identidades en Univalle Est\u00e9reo 105.3 FM. Dirigen Jorge Mendoza, Ary Campo Chicangana y Alex Agudelo.<\/p>\n","protected":false},"excerpt":{"rendered":"<p>Am\u00e9rica Andina es un espacio para la mejor m\u00fasica andina y latinoamericana. Todos los s\u00e1bados de 8 a 9 de la ma\u00f1ana. En Am\u00e9rica Andina\u00a0 se habla de la actualidad latinoamericana ambientados con los mejores int\u00e9rpretes de nuestra regi\u00f3n. Este programa destaca nuestras identidades en Univalle Est\u00e9reo 105.3 FM. Dirigen[&#8230;]<\/p>\n","protected":false},"author":1,"featured_media":0,"parent":0,"menu_order":0,"comment_status":"closed","ping_status":"closed","template":"","meta":{"footnotes":""},"_links":{"self":[{"href":"https:\/\/emisora.univalle.edu.co\/index.php\/wp-json\/wp\/v2\/pages\/18028"}],"collection":[{"href":"https:\/\/emisora.univalle.edu.co\/index.php\/wp-json\/wp\/v2\/pages"}],"about":[{"href":"https:\/\/emisora.univalle.edu.co\/index.php\/wp-json\/wp\/v2\/types\/page"}],"author":[{"embeddable":true,"href":"https:\/\/emisora.univalle.edu.co\/index.php\/wp-json\/wp\/v2\/users\/1"}],"replies":[{"embeddable":true,"href":"https:\/\/emisora.univalle.edu.co\/index.php\/wp-json\/wp\/v2\/comments?post=18028"}],"version-history":[{"count":1,"href":"https:\/\/emisora.univalle.edu.co\/index.php\/wp-json\/wp\/v2\/pages\/18028\/revisions"}],"predecessor-version":[{"id":18029,"href":"https:\/\/emisora.univalle.edu.co\/index.php\/wp-json\/wp\/v2\/pages\/18028\/revisions\/18029"}],"wp:attachment":[{"href":"https:\/\/emisora.univalle.edu.co\/index.php\/wp-json\/wp\/v2\/media?parent=18028"}],"curies":[{"name":"wp","href":"https:\/\/api.w.org\/{rel}","templated":true}]}}