{"id":18030,"date":"2017-04-12T10:05:35","date_gmt":"2017-04-12T15:05:35","guid":{"rendered":"https:\/\/emisora.univalle.edu.co\/?page_id=18030"},"modified":"2017-04-12T10:05:35","modified_gmt":"2017-04-12T15:05:35","slug":"ciberradio","status":"publish","type":"page","link":"https:\/\/emisora.univalle.edu.co\/index.php\/ciberradio\/","title":{"rendered":"Ciberradio"},"content":{"rendered":"<p>Las \u00faltimas informaciones sobre el mundo de la tecnolog\u00eda, la inform\u00e1tica y las telecomunicaciones con un click en la frecuencia 105.3 FM. Para actualizarse con la tecnolog\u00eda de Colombia y el mundo. Ciberradio una ventana inform\u00e1tica radial dirigido a un p\u00fablico muy amplio, lo que incluye desde los amantes de la computaci\u00f3n y a todos aquellos que se inician, hasta especialistas que aprovechan la calidad de los invitados para aclarar duda sobre la inform\u00e1tica y sus componentes, todos los <strong>s\u00e1bados a las 9:00 AM<\/strong>.<\/p>\n<p style=\"text-align: justify;\">Dirigido por Jairo Mill\u00e1n Grajales y Juan Manuel Triana<\/p>\n","protected":false},"excerpt":{"rendered":"<p>Las \u00faltimas informaciones sobre el mundo de la tecnolog\u00eda, la inform\u00e1tica y las telecomunicaciones con un click en la frecuencia 105.3 FM. Para actualizarse con la tecnolog\u00eda de Colombia y el mundo. Ciberradio una ventana inform\u00e1tica radial dirigido a un p\u00fablico muy amplio, lo que incluye desde los amantes de[&#8230;]<\/p>\n","protected":false},"author":1,"featured_media":0,"parent":0,"menu_order":0,"comment_status":"closed","ping_status":"closed","template":"","meta":{"footnotes":""},"_links":{"self":[{"href":"https:\/\/emisora.univalle.edu.co\/index.php\/wp-json\/wp\/v2\/pages\/18030"}],"collection":[{"href":"https:\/\/emisora.univalle.edu.co\/index.php\/wp-json\/wp\/v2\/pages"}],"about":[{"href":"https:\/\/emisora.univalle.edu.co\/index.php\/wp-json\/wp\/v2\/types\/page"}],"author":[{"embeddable":true,"href":"https:\/\/emisora.univalle.edu.co\/index.php\/wp-json\/wp\/v2\/users\/1"}],"replies":[{"embeddable":true,"href":"https:\/\/emisora.univalle.edu.co\/index.php\/wp-json\/wp\/v2\/comments?post=18030"}],"version-history":[{"count":1,"href":"https:\/\/emisora.univalle.edu.co\/index.php\/wp-json\/wp\/v2\/pages\/18030\/revisions"}],"predecessor-version":[{"id":18031,"href":"https:\/\/emisora.univalle.edu.co\/index.php\/wp-json\/wp\/v2\/pages\/18030\/revisions\/18031"}],"wp:attachment":[{"href":"https:\/\/emisora.univalle.edu.co\/index.php\/wp-json\/wp\/v2\/media?parent=18030"}],"curies":[{"name":"wp","href":"https:\/\/api.w.org\/{rel}","templated":true}]}}