{"id":18034,"date":"2017-04-12T10:07:38","date_gmt":"2017-04-12T15:07:38","guid":{"rendered":"https:\/\/emisora.univalle.edu.co\/?page_id=18034"},"modified":"2017-04-12T10:07:38","modified_gmt":"2017-04-12T15:07:38","slug":"usted-opina","status":"publish","type":"page","link":"https:\/\/emisora.univalle.edu.co\/index.php\/usted-opina\/","title":{"rendered":"Usted Opina"},"content":{"rendered":"<p style=\"text-align: justify;\">Usted Opina es un programa abierto con los protagonistas de la cotidianidad, con el mejor recurso humano que la Universidad del Valle ofrece, un programa fresco e incisivo sin favores ni concesiones. Un programa independiente para gente independiente.<\/p>\n<p>Usted Opina s\u00e1bados 12 del medio d\u00eda por Univalle est\u00e9reo 105.3 FM. Dirige\u00a0 Demetrio Arabia.<\/p>\n","protected":false},"excerpt":{"rendered":"<p>Usted Opina es un programa abierto con los protagonistas de la cotidianidad, con el mejor recurso humano que la Universidad del Valle ofrece, un programa fresco e incisivo sin favores ni concesiones. Un programa independiente para gente independiente. Usted Opina s\u00e1bados 12 del medio d\u00eda por Univalle est\u00e9reo 105.3 FM.[&#8230;]<\/p>\n","protected":false},"author":1,"featured_media":0,"parent":0,"menu_order":0,"comment_status":"closed","ping_status":"closed","template":"","meta":{"footnotes":""},"_links":{"self":[{"href":"https:\/\/emisora.univalle.edu.co\/index.php\/wp-json\/wp\/v2\/pages\/18034"}],"collection":[{"href":"https:\/\/emisora.univalle.edu.co\/index.php\/wp-json\/wp\/v2\/pages"}],"about":[{"href":"https:\/\/emisora.univalle.edu.co\/index.php\/wp-json\/wp\/v2\/types\/page"}],"author":[{"embeddable":true,"href":"https:\/\/emisora.univalle.edu.co\/index.php\/wp-json\/wp\/v2\/users\/1"}],"replies":[{"embeddable":true,"href":"https:\/\/emisora.univalle.edu.co\/index.php\/wp-json\/wp\/v2\/comments?post=18034"}],"version-history":[{"count":1,"href":"https:\/\/emisora.univalle.edu.co\/index.php\/wp-json\/wp\/v2\/pages\/18034\/revisions"}],"predecessor-version":[{"id":18035,"href":"https:\/\/emisora.univalle.edu.co\/index.php\/wp-json\/wp\/v2\/pages\/18034\/revisions\/18035"}],"wp:attachment":[{"href":"https:\/\/emisora.univalle.edu.co\/index.php\/wp-json\/wp\/v2\/media?parent=18034"}],"curies":[{"name":"wp","href":"https:\/\/api.w.org\/{rel}","templated":true}]}}