{"id":18039,"date":"2017-04-12T10:11:46","date_gmt":"2017-04-12T15:11:46","guid":{"rendered":"https:\/\/emisora.univalle.edu.co\/?page_id=18039"},"modified":"2017-04-12T10:12:10","modified_gmt":"2017-04-12T15:12:10","slug":"la-salsa-ayer-hoy","status":"publish","type":"page","link":"https:\/\/emisora.univalle.edu.co\/index.php\/la-salsa-ayer-hoy\/","title":{"rendered":"La Salsa ayer y hoy"},"content":{"rendered":"<p style=\"text-align: justify;\">Un espacio dedicado al fen\u00f3meno cultural de la m\u00fasica urbana afro latinoamericana y caribe\u00f1a, sus ra\u00edces, su historia y sus transformaciones.<\/p>\n<p style=\"text-align: justify;\">La salsa ayer y hoy, un programa que\u00a0 presenta\u00a0 lo mejor de la salsa en todas sus \u00e9pocas estilos e int\u00e9rpretes, todos los s\u00e1bados de 6 de la tarde a 8 de la noche.<\/p>\n<p style=\"text-align: justify;\">Dirige el profesor Alejandro Ulloa<\/p>\n","protected":false},"excerpt":{"rendered":"<p>Un espacio dedicado al fen\u00f3meno cultural de la m\u00fasica urbana afro latinoamericana y caribe\u00f1a, sus ra\u00edces, su historia y sus transformaciones. La salsa ayer y hoy, un programa que\u00a0 presenta\u00a0 lo mejor de la salsa en todas sus \u00e9pocas estilos e int\u00e9rpretes, todos los s\u00e1bados de 6 de la tarde[&#8230;]<\/p>\n","protected":false},"author":1,"featured_media":0,"parent":0,"menu_order":0,"comment_status":"closed","ping_status":"closed","template":"","meta":{"footnotes":""},"_links":{"self":[{"href":"https:\/\/emisora.univalle.edu.co\/index.php\/wp-json\/wp\/v2\/pages\/18039"}],"collection":[{"href":"https:\/\/emisora.univalle.edu.co\/index.php\/wp-json\/wp\/v2\/pages"}],"about":[{"href":"https:\/\/emisora.univalle.edu.co\/index.php\/wp-json\/wp\/v2\/types\/page"}],"author":[{"embeddable":true,"href":"https:\/\/emisora.univalle.edu.co\/index.php\/wp-json\/wp\/v2\/users\/1"}],"replies":[{"embeddable":true,"href":"https:\/\/emisora.univalle.edu.co\/index.php\/wp-json\/wp\/v2\/comments?post=18039"}],"version-history":[{"count":2,"href":"https:\/\/emisora.univalle.edu.co\/index.php\/wp-json\/wp\/v2\/pages\/18039\/revisions"}],"predecessor-version":[{"id":18041,"href":"https:\/\/emisora.univalle.edu.co\/index.php\/wp-json\/wp\/v2\/pages\/18039\/revisions\/18041"}],"wp:attachment":[{"href":"https:\/\/emisora.univalle.edu.co\/index.php\/wp-json\/wp\/v2\/media?parent=18039"}],"curies":[{"name":"wp","href":"https:\/\/api.w.org\/{rel}","templated":true}]}}