{"id":18042,"date":"2017-04-12T10:15:39","date_gmt":"2017-04-12T15:15:39","guid":{"rendered":"https:\/\/emisora.univalle.edu.co\/?page_id=18042"},"modified":"2017-04-12T10:16:09","modified_gmt":"2017-04-12T15:16:09","slug":"noche-tropical","status":"publish","type":"page","link":"https:\/\/emisora.univalle.edu.co\/index.php\/noche-tropical\/","title":{"rendered":"Noche Tropical"},"content":{"rendered":"<p><strong>De 9 a 10 y media de la noche todos los s\u00e1bados<\/strong>, es el momento propicio para la cumbia, el porro, la guita, el mer\u00e9 cumb\u00e9, y los m\u00e1s sonados ritmos tr\u00f3pico de Am\u00e9rica.<\/p>\n<p>Con la direcci\u00f3n y producci\u00f3n Arnulfo Gonzales rojas y David Zavala N\u00fa\u00f1ez.<\/p>\n","protected":false},"excerpt":{"rendered":"<p>De 9 a 10 y media de la noche todos los s\u00e1bados, es el momento propicio para la cumbia, el porro, la guita, el mer\u00e9 cumb\u00e9, y los m\u00e1s sonados ritmos tr\u00f3pico de Am\u00e9rica. Con la direcci\u00f3n y producci\u00f3n Arnulfo Gonzales rojas y David Zavala N\u00fa\u00f1ez.<\/p>\n","protected":false},"author":1,"featured_media":18043,"parent":0,"menu_order":0,"comment_status":"closed","ping_status":"closed","template":"","meta":{"footnotes":""},"_links":{"self":[{"href":"https:\/\/emisora.univalle.edu.co\/index.php\/wp-json\/wp\/v2\/pages\/18042"}],"collection":[{"href":"https:\/\/emisora.univalle.edu.co\/index.php\/wp-json\/wp\/v2\/pages"}],"about":[{"href":"https:\/\/emisora.univalle.edu.co\/index.php\/wp-json\/wp\/v2\/types\/page"}],"author":[{"embeddable":true,"href":"https:\/\/emisora.univalle.edu.co\/index.php\/wp-json\/wp\/v2\/users\/1"}],"replies":[{"embeddable":true,"href":"https:\/\/emisora.univalle.edu.co\/index.php\/wp-json\/wp\/v2\/comments?post=18042"}],"version-history":[{"count":2,"href":"https:\/\/emisora.univalle.edu.co\/index.php\/wp-json\/wp\/v2\/pages\/18042\/revisions"}],"predecessor-version":[{"id":18045,"href":"https:\/\/emisora.univalle.edu.co\/index.php\/wp-json\/wp\/v2\/pages\/18042\/revisions\/18045"}],"wp:featuredmedia":[{"embeddable":true,"href":"https:\/\/emisora.univalle.edu.co\/index.php\/wp-json\/wp\/v2\/media\/18043"}],"wp:attachment":[{"href":"https:\/\/emisora.univalle.edu.co\/index.php\/wp-json\/wp\/v2\/media?parent=18042"}],"curies":[{"name":"wp","href":"https:\/\/api.w.org\/{rel}","templated":true}]}}