{"id":18050,"date":"2017-04-12T10:18:57","date_gmt":"2017-04-12T15:18:57","guid":{"rendered":"https:\/\/emisora.univalle.edu.co\/?page_id=18050"},"modified":"2017-04-12T10:18:57","modified_gmt":"2017-04-12T15:18:57","slug":"contacto","status":"publish","type":"page","link":"https:\/\/emisora.univalle.edu.co\/index.php\/contacto\/","title":{"rendered":"Contacto"},"content":{"rendered":"<p>Un espacio de 30 minutos semanales en donde se entrevistan personajes de la ciencia, la tecnolog\u00eda y la cultura, un espacio para destacar a investigadores, cient\u00edficos, deportistas y profesionales de la Universidad del Valle.<\/p>\n<p>Todos los <strong>domingos de 9:30 a 10:00 de la ma\u00f1ana<\/strong>. Presentado por el profesor Enrique Lara<\/p>\n","protected":false},"excerpt":{"rendered":"<p>Un espacio de 30 minutos semanales en donde se entrevistan personajes de la ciencia, la tecnolog\u00eda y la cultura, un espacio para destacar a investigadores, cient\u00edficos, deportistas y profesionales de la Universidad del Valle. Todos los domingos de 9:30 a 10:00 de la ma\u00f1ana. Presentado por el profesor Enrique Lara<\/p>\n","protected":false},"author":1,"featured_media":0,"parent":0,"menu_order":0,"comment_status":"closed","ping_status":"closed","template":"","meta":{"footnotes":""},"_links":{"self":[{"href":"https:\/\/emisora.univalle.edu.co\/index.php\/wp-json\/wp\/v2\/pages\/18050"}],"collection":[{"href":"https:\/\/emisora.univalle.edu.co\/index.php\/wp-json\/wp\/v2\/pages"}],"about":[{"href":"https:\/\/emisora.univalle.edu.co\/index.php\/wp-json\/wp\/v2\/types\/page"}],"author":[{"embeddable":true,"href":"https:\/\/emisora.univalle.edu.co\/index.php\/wp-json\/wp\/v2\/users\/1"}],"replies":[{"embeddable":true,"href":"https:\/\/emisora.univalle.edu.co\/index.php\/wp-json\/wp\/v2\/comments?post=18050"}],"version-history":[{"count":1,"href":"https:\/\/emisora.univalle.edu.co\/index.php\/wp-json\/wp\/v2\/pages\/18050\/revisions"}],"predecessor-version":[{"id":18051,"href":"https:\/\/emisora.univalle.edu.co\/index.php\/wp-json\/wp\/v2\/pages\/18050\/revisions\/18051"}],"wp:attachment":[{"href":"https:\/\/emisora.univalle.edu.co\/index.php\/wp-json\/wp\/v2\/media?parent=18050"}],"curies":[{"name":"wp","href":"https:\/\/api.w.org\/{rel}","templated":true}]}}