{"id":18058,"date":"2017-04-12T10:22:51","date_gmt":"2017-04-12T15:22:51","guid":{"rendered":"https:\/\/emisora.univalle.edu.co\/?page_id=18058"},"modified":"2017-04-12T10:22:51","modified_gmt":"2017-04-12T15:22:51","slug":"lo-trajo-barco","status":"publish","type":"page","link":"https:\/\/emisora.univalle.edu.co\/index.php\/lo-trajo-barco\/","title":{"rendered":"Lo que trajo El Barco"},"content":{"rendered":"<p>Programa etno-educativo y musical para la preservaci\u00f3n de la historia musical de origen afro-latino a trav\u00e9s del acetato discogr\u00e1fico.<\/p>\n<p>Conduce y dirige el investigador musical Henry Manyoma Gil. Los <strong>lunes festivos de 2:00 a 4:00 PM.<\/strong><\/p>\n<p>&nbsp;<\/p>\n","protected":false},"excerpt":{"rendered":"<p>Programa etno-educativo y musical para la preservaci\u00f3n de la historia musical de origen afro-latino a trav\u00e9s del acetato discogr\u00e1fico. Conduce y dirige el investigador musical Henry Manyoma Gil. Los lunes festivos de 2:00 a 4:00 PM. &nbsp;<\/p>\n","protected":false},"author":1,"featured_media":0,"parent":0,"menu_order":0,"comment_status":"closed","ping_status":"closed","template":"","meta":{"footnotes":""},"_links":{"self":[{"href":"https:\/\/emisora.univalle.edu.co\/index.php\/wp-json\/wp\/v2\/pages\/18058"}],"collection":[{"href":"https:\/\/emisora.univalle.edu.co\/index.php\/wp-json\/wp\/v2\/pages"}],"about":[{"href":"https:\/\/emisora.univalle.edu.co\/index.php\/wp-json\/wp\/v2\/types\/page"}],"author":[{"embeddable":true,"href":"https:\/\/emisora.univalle.edu.co\/index.php\/wp-json\/wp\/v2\/users\/1"}],"replies":[{"embeddable":true,"href":"https:\/\/emisora.univalle.edu.co\/index.php\/wp-json\/wp\/v2\/comments?post=18058"}],"version-history":[{"count":1,"href":"https:\/\/emisora.univalle.edu.co\/index.php\/wp-json\/wp\/v2\/pages\/18058\/revisions"}],"predecessor-version":[{"id":18059,"href":"https:\/\/emisora.univalle.edu.co\/index.php\/wp-json\/wp\/v2\/pages\/18058\/revisions\/18059"}],"wp:attachment":[{"href":"https:\/\/emisora.univalle.edu.co\/index.php\/wp-json\/wp\/v2\/media?parent=18058"}],"curies":[{"name":"wp","href":"https:\/\/api.w.org\/{rel}","templated":true}]}}