{"id":18062,"date":"2017-04-12T10:25:12","date_gmt":"2017-04-12T15:25:12","guid":{"rendered":"https:\/\/emisora.univalle.edu.co\/?page_id=18062"},"modified":"2017-04-12T10:25:12","modified_gmt":"2017-04-12T15:25:12","slug":"musicolombia","status":"publish","type":"page","link":"https:\/\/emisora.univalle.edu.co\/index.php\/musicolombia\/","title":{"rendered":"MusiColombia"},"content":{"rendered":"<p><u><\/u><u><\/u>Espacio musical que destaca la m\u00fasica colombiana y andina, resaltando ritmos, compositores, Haciendo un programa de manera did\u00e1ctica musical.<\/p>\n<p>Dirigido por el maestro Luis Carlos Ochoa. Se transmite los lunes festivos de<strong> 6:00 a 9:00 de la ma\u00f1ana.<\/strong><\/p>\n","protected":false},"excerpt":{"rendered":"<p>Espacio musical que destaca la m\u00fasica colombiana y andina, resaltando ritmos, compositores, Haciendo un programa de manera did\u00e1ctica musical. Dirigido por el maestro Luis Carlos Ochoa. Se transmite los lunes festivos de 6:00 a 9:00 de la ma\u00f1ana.<\/p>\n","protected":false},"author":1,"featured_media":0,"parent":0,"menu_order":0,"comment_status":"closed","ping_status":"closed","template":"","meta":{"footnotes":""},"_links":{"self":[{"href":"https:\/\/emisora.univalle.edu.co\/index.php\/wp-json\/wp\/v2\/pages\/18062"}],"collection":[{"href":"https:\/\/emisora.univalle.edu.co\/index.php\/wp-json\/wp\/v2\/pages"}],"about":[{"href":"https:\/\/emisora.univalle.edu.co\/index.php\/wp-json\/wp\/v2\/types\/page"}],"author":[{"embeddable":true,"href":"https:\/\/emisora.univalle.edu.co\/index.php\/wp-json\/wp\/v2\/users\/1"}],"replies":[{"embeddable":true,"href":"https:\/\/emisora.univalle.edu.co\/index.php\/wp-json\/wp\/v2\/comments?post=18062"}],"version-history":[{"count":1,"href":"https:\/\/emisora.univalle.edu.co\/index.php\/wp-json\/wp\/v2\/pages\/18062\/revisions"}],"predecessor-version":[{"id":18063,"href":"https:\/\/emisora.univalle.edu.co\/index.php\/wp-json\/wp\/v2\/pages\/18062\/revisions\/18063"}],"wp:attachment":[{"href":"https:\/\/emisora.univalle.edu.co\/index.php\/wp-json\/wp\/v2\/media?parent=18062"}],"curies":[{"name":"wp","href":"https:\/\/api.w.org\/{rel}","templated":true}]}}