{"id":22490,"date":"2022-05-03T11:26:01","date_gmt":"2022-05-03T16:26:01","guid":{"rendered":"https:\/\/emisora.univalle.edu.co\/?page_id=22490"},"modified":"2022-05-03T11:26:15","modified_gmt":"2022-05-03T16:26:15","slug":"politica-de-tratamiento-de-informacion-y-proteccion-de-datos-personales","status":"publish","type":"page","link":"https:\/\/emisora.univalle.edu.co\/index.php\/politica-de-tratamiento-de-informacion-y-proteccion-de-datos-personales\/","title":{"rendered":"Pol\u00edtica de Tratamiento de Informaci\u00f3n y Protecci\u00f3n de Datos Personales"},"content":{"rendered":"<p><strong>Aviso de privacidad Universidad del Valle<\/strong><\/p>\n<p>La Universidad del Valle, entidad p\u00fablica identificada con el NIT 890399010, cuyo domicilio principal radica en la ciudad de Santiago de Cali en la Calle 13 # 100-00, en calidad de responsable del tratamiento de datos personales, de acuerdo a lo consagrado en la Ley 1581 del 2012, su decreto reglamentario y dem\u00e1s norma que regulen en materia de protecci\u00f3n de datos personales, le informa que los datos personales que usted suministre en virtud de las actividades u operaciones celebradas con la Instituci\u00f3n, ser\u00e1n tratados de acuerdo a nuestra Pol\u00edtica de Protecci\u00f3n de Datos Personales, la cual tiene como fin, poner en conocimiento del titular del dato la regulaci\u00f3n interna adoptada por Universidad del Valle.<\/p>\n<p>Por lo anterior, lo invitamos a conocer nuestra Pol\u00edtica de Protecci\u00f3n de Datos Personales, la cual incluye los procedimientos para que pueda ejercer sus derechos a: i) conocer, ii) actualizar, iii) rectificar, iv) suprimir la informaci\u00f3n y v) revocar la autorizaci\u00f3n otorgada, y los canales dispuesto para la atenci\u00f3n.<\/p>\n<p>Para dudas e inquietudes relacionadas con estos temas puede contactarnos a trav\u00e9s de los siguientes canales:<\/p>\n<p>&#8211; Mediante nuestro Programa de Peticiones y Atenci\u00f3n al Ciudadano, opci\u00f3n formulario web PQRSD a trav\u00e9s de la p\u00e1gina\u00a0<a href=\"http:\/\/atencionalciudadano.univalle.edu.co\/\" target=\"_blank\" rel=\"noopener noreferrer\">http:\/\/atencionalciudadano.univalle.edu.co\/<\/a><\/p>\n<p>&#8211;\u00a0<strong>Telef\u00f3nica:<\/strong>\u00a0L\u00ednea Gratuita 018000 22 00 21<\/p>\n<p><strong>Buz\u00f3n de sugerencias ubicadas en:<\/strong><\/p>\n<p>&#8211;\u00a0<strong>Sede Mel\u00e9ndez:<\/strong>\u00a0Edificio Administraci\u00f3n central, centro deportivo Universitario, Restaurante Servicio m\u00e9dico y Biblioteca<br \/>\n&#8211;\u00a0<strong>Sede San Fernando:<\/strong>\u00a0Facultad de Salud, Facultad de Ciencias de la Administraci\u00f3n<br \/>\n&#8211;\u00a0<strong>Sedes Regionales:<\/strong>\u00a0Buga, Caicedonia, Cartago, Norte del Cauca, Pacifico, Palmira, Tulu\u00e1, Yumbo y Zarzal<\/p>\n<p>&nbsp;<\/p>\n<table border=\"0\" width=\"60%\" cellspacing=\"0\" cellpadding=\"0\">\n<tbody>\n<tr>\n<td width=\"40%\">\u00a0<a href=\"http:\/\/drive.google.com\/uc?export=view&amp;id=1yWYMHRO5Lux4zpw5TLfVYyWhu56NLHXv\" target=\"_blank\" rel=\"noopener noreferrer\"><img decoding=\"async\" class=\"alignnone\" src=\"https:\/\/www.univalle.edu.co\/images\/img-btns\/img-btns\/02-aviso-privacidad.png\" alt=\"\" \/><\/a><\/td>\n<td width=\"20%\"><\/td>\n<td width=\"40%\">\u00a0<a title=\"Pol\u00edtica tratamiento de informaci\u00f3n\" href=\"http:\/\/drive.google.com\/uc?export=view&amp;id=1e3T8HHdpRvXFqK5dXmAx4EWtU8BhSbTg\" target=\"_blank\" rel=\"noopener noreferrer\"><img loading=\"lazy\" decoding=\"async\" src=\"https:\/\/www.univalle.edu.co\/images\/img-btns\/img-btns\/01-politica-prot-datos-univalle.png\" width=\"185\" height=\"82\" \/><\/a><\/td>\n<\/tr>\n<\/tbody>\n<\/table>\n<p>&nbsp;<\/p>\n","protected":false},"excerpt":{"rendered":"<p>Aviso de privacidad Universidad del Valle La Universidad del Valle, entidad p\u00fablica identificada con el NIT 890399010, cuyo domicilio principal radica en la ciudad de Santiago de Cali en la Calle 13 # 100-00, en calidad de responsable del tratamiento de datos personales, de acuerdo a lo consagrado en la[&#8230;]<\/p>\n","protected":false},"author":1,"featured_media":0,"parent":0,"menu_order":0,"comment_status":"closed","ping_status":"closed","template":"","meta":{"footnotes":""},"_links":{"self":[{"href":"https:\/\/emisora.univalle.edu.co\/index.php\/wp-json\/wp\/v2\/pages\/22490"}],"collection":[{"href":"https:\/\/emisora.univalle.edu.co\/index.php\/wp-json\/wp\/v2\/pages"}],"about":[{"href":"https:\/\/emisora.univalle.edu.co\/index.php\/wp-json\/wp\/v2\/types\/page"}],"author":[{"embeddable":true,"href":"https:\/\/emisora.univalle.edu.co\/index.php\/wp-json\/wp\/v2\/users\/1"}],"replies":[{"embeddable":true,"href":"https:\/\/emisora.univalle.edu.co\/index.php\/wp-json\/wp\/v2\/comments?post=22490"}],"version-history":[{"count":2,"href":"https:\/\/emisora.univalle.edu.co\/index.php\/wp-json\/wp\/v2\/pages\/22490\/revisions"}],"predecessor-version":[{"id":22492,"href":"https:\/\/emisora.univalle.edu.co\/index.php\/wp-json\/wp\/v2\/pages\/22490\/revisions\/22492"}],"wp:attachment":[{"href":"https:\/\/emisora.univalle.edu.co\/index.php\/wp-json\/wp\/v2\/media?parent=22490"}],"curies":[{"name":"wp","href":"https:\/\/api.w.org\/{rel}","templated":true}]}}