{"id":601,"date":"2013-11-07T06:24:08","date_gmt":"2013-11-07T06:24:08","guid":{"rendered":"https:\/\/emisora.univalle.edu.co\/\/?page_id=601"},"modified":"2017-04-12T09:08:03","modified_gmt":"2017-04-12T14:08:03","slug":"conectate-con-la-u","status":"publish","type":"page","link":"https:\/\/emisora.univalle.edu.co\/index.php\/conectate-con-la-u\/","title":{"rendered":"Conectate con la U"},"content":{"rendered":"<p>Programa de radio para difundir las actividades que generan las diferentes unidades acad\u00e9micas de la Universidad del Valle, haciendo especial \u00e9nfasis el mundo de Investigaci\u00f3n de las \u00e1reas: Social; Ambiental; Econ\u00f3mica; Ciencia y Tecnolog\u00eda y en Emprendimiento Universitario.<\/p>\n<p>Tambi\u00e9n es una oportunidad para conocer la labor de extensi\u00f3n de la Universidad, as\u00ed como tambi\u00e9n personajes destacados, estudiantes, egresados y docentes que continuamente trabajan en investigaciones y las actividades que se programan desde la Alma M\u00e1ter.<\/p>\n<p>Con\u00e9ctate con la U se emite todos\u00a0los s\u00e1bados de 9:30 a 10:00 a.m., bajo la Direcci\u00f3n y Realizaci\u00f3n de Jos\u00e9 Luis Valderrama.<\/p>\n","protected":false},"excerpt":{"rendered":"<p>Programa de radio para difundir las actividades que generan las diferentes unidades acad\u00e9micas de la Universidad del Valle, haciendo especial \u00e9nfasis el mundo de Investigaci\u00f3n de las \u00e1reas: Social; Ambiental; Econ\u00f3mica; Ciencia y Tecnolog\u00eda y en Emprendimiento Universitario. Tambi\u00e9n es una oportunidad para conocer la labor de extensi\u00f3n de la[&#8230;]<\/p>\n","protected":false},"author":1,"featured_media":0,"parent":0,"menu_order":0,"comment_status":"closed","ping_status":"open","template":"","meta":{"footnotes":""},"_links":{"self":[{"href":"https:\/\/emisora.univalle.edu.co\/index.php\/wp-json\/wp\/v2\/pages\/601"}],"collection":[{"href":"https:\/\/emisora.univalle.edu.co\/index.php\/wp-json\/wp\/v2\/pages"}],"about":[{"href":"https:\/\/emisora.univalle.edu.co\/index.php\/wp-json\/wp\/v2\/types\/page"}],"author":[{"embeddable":true,"href":"https:\/\/emisora.univalle.edu.co\/index.php\/wp-json\/wp\/v2\/users\/1"}],"replies":[{"embeddable":true,"href":"https:\/\/emisora.univalle.edu.co\/index.php\/wp-json\/wp\/v2\/comments?post=601"}],"version-history":[{"count":5,"href":"https:\/\/emisora.univalle.edu.co\/index.php\/wp-json\/wp\/v2\/pages\/601\/revisions"}],"predecessor-version":[{"id":17999,"href":"https:\/\/emisora.univalle.edu.co\/index.php\/wp-json\/wp\/v2\/pages\/601\/revisions\/17999"}],"wp:attachment":[{"href":"https:\/\/emisora.univalle.edu.co\/index.php\/wp-json\/wp\/v2\/media?parent=601"}],"curies":[{"name":"wp","href":"https:\/\/api.w.org\/{rel}","templated":true}]}}