{"id":607,"date":"2013-11-07T06:25:49","date_gmt":"2013-11-07T06:25:49","guid":{"rendered":"https:\/\/emisora.univalle.edu.co\/\/?page_id=607"},"modified":"2024-02-23T09:06:58","modified_gmt":"2024-02-23T14:06:58","slug":"escalera-al-cielo","status":"publish","type":"page","link":"https:\/\/emisora.univalle.edu.co\/index.php\/escalera-al-cielo\/","title":{"rendered":"Escalera al Cielo"},"content":{"rendered":"<p>&nbsp;<\/p>\n<p>Escalera al Cielo. Con una trayectoria de 19 a\u00f1os, haciendo Radio con Sentido, cuenta con un formato original: m\u00fasica seleccionada del g\u00e9nero adulto contempor\u00e1neo, 70% cl\u00e1sicos, 30% m\u00fasica nueva. Frases c\u00e9lebres, informaci\u00f3n seleccionada, temas de salud, cultura, ecolog\u00eda, etc. Voces amigables y respetuosas con el oyente. Una apuesta por una radio universal, que involucre a todos los p\u00fablicos. Con un lenguaje sencillo e incluyente.<\/p>\n<p>A la usanza de la radio bien hecha, con contenido cultural, informativo y vanguardista. Dirige JULIETA GALLEGO MOLINA<\/p>\n<p>Nos puedes escuchar de lunes a viernes de 9:30 AM a 11:30 AM<\/p>\n<p>Facebook: <a href=\"https:\/\/www.facebook.com\/julietagallegocomunicadora\">https:\/\/www.facebook.com\/julietagallegocomunicadora<\/a><\/p>\n<p>Twitter: <a href=\"https:\/\/twitter.com\/Julietacomunica\">https:\/\/twitter.com\/Julietacomunica<\/a><\/p>\n","protected":false},"excerpt":{"rendered":"<p>&nbsp; Escalera al Cielo. Con una trayectoria de 19 a\u00f1os, haciendo Radio con Sentido, cuenta con un formato original: m\u00fasica seleccionada del g\u00e9nero adulto contempor\u00e1neo, 70% cl\u00e1sicos, 30% m\u00fasica nueva. Frases c\u00e9lebres, informaci\u00f3n seleccionada, temas de salud, cultura, ecolog\u00eda, etc. Voces amigables y respetuosas con el oyente. Una apuesta por[&#8230;]<\/p>\n","protected":false},"author":1,"featured_media":19812,"parent":0,"menu_order":0,"comment_status":"closed","ping_status":"open","template":"","meta":{"footnotes":""},"_links":{"self":[{"href":"https:\/\/emisora.univalle.edu.co\/index.php\/wp-json\/wp\/v2\/pages\/607"}],"collection":[{"href":"https:\/\/emisora.univalle.edu.co\/index.php\/wp-json\/wp\/v2\/pages"}],"about":[{"href":"https:\/\/emisora.univalle.edu.co\/index.php\/wp-json\/wp\/v2\/types\/page"}],"author":[{"embeddable":true,"href":"https:\/\/emisora.univalle.edu.co\/index.php\/wp-json\/wp\/v2\/users\/1"}],"replies":[{"embeddable":true,"href":"https:\/\/emisora.univalle.edu.co\/index.php\/wp-json\/wp\/v2\/comments?post=607"}],"version-history":[{"count":12,"href":"https:\/\/emisora.univalle.edu.co\/index.php\/wp-json\/wp\/v2\/pages\/607\/revisions"}],"predecessor-version":[{"id":22924,"href":"https:\/\/emisora.univalle.edu.co\/index.php\/wp-json\/wp\/v2\/pages\/607\/revisions\/22924"}],"wp:featuredmedia":[{"embeddable":true,"href":"https:\/\/emisora.univalle.edu.co\/index.php\/wp-json\/wp\/v2\/media\/19812"}],"wp:attachment":[{"href":"https:\/\/emisora.univalle.edu.co\/index.php\/wp-json\/wp\/v2\/media?parent=607"}],"curies":[{"name":"wp","href":"https:\/\/api.w.org\/{rel}","templated":true}]}}