{"id":615,"date":"2013-11-07T06:28:08","date_gmt":"2013-11-07T06:28:08","guid":{"rendered":"https:\/\/emisora.univalle.edu.co\/\/?page_id=615"},"modified":"2019-05-13T10:21:49","modified_gmt":"2019-05-13T15:21:49","slug":"pacifico-musica-y-leyenda","status":"publish","type":"page","link":"https:\/\/emisora.univalle.edu.co\/index.php\/pacifico-musica-y-leyenda\/","title":{"rendered":"Pac\u00edfico, M\u00fasica y Leyenda"},"content":{"rendered":"<p>El pro\u00adgra\u00adma de radio <strong>PA\u00adC\u00cd\u00adFI\u00adCO M\u00da\u00adSI\u00adCA Y LE\u00adYEN\u00adDA<\/strong> tiene como ob\u00adje\u00adto prin\u00adci\u00adpal dar a co\u00adno\u00adcer la ri\u00adque\u00adza\u00a0mu\u00adsi\u00adcal del li\u00adto\u00adral Pa\u00adc\u00ed\u00adfi\u00adco co\u00adlom\u00adbiano, y re\u00adcrear las cos\u00adtum\u00adbres, pr\u00e1c\u00adti\u00adcas, mitos y le\u00adyen\u00addas de las\u00a0co\u00admu\u00adni\u00adda\u00addes afro descendientes del oc\u00adci\u00adden\u00adte co\u00adlom\u00adbiano.<\/p>\n<p>Ade\u00adm\u00e1s de pro\u00admo\u00adcio\u00adnar las pro\u00adduc\u00adcio\u00adnes dis\u00adco\u00adgr\u00e1\u00adfi\u00adcas que con\u00adten\u00adgan m\u00fa\u00adsi\u00adca del Pa\u00adc\u00ed\u00adfi\u00adco en sus di\u00adfe\u00adren\u00adtes ver\u00adtien\u00adtes, ofre\u00adcer in\u00adfor\u00adma\u00adci\u00f3n acer\u00adca de las ex\u00adpre\u00adsio\u00adnes del fol\u00adclor y las cos\u00adtum\u00adbres en el li\u00adto\u00adral y fo\u00admen\u00adtar el res\u00adpe\u00adto por la cul\u00adtu\u00adra de los po\u00adbla\u00addo\u00adres de esta re\u00adgi\u00f3n.<\/p>\n<p>Este pro\u00adgra\u00adma est\u00e1 di\u00adri\u00adgi\u00addo a per\u00adso\u00adnas de di\u00adfe\u00adren\u00adtes eda\u00addes cuyas ra\u00ed\u00adces \u00e9t\u00adni\u00adcas y cul\u00adtu\u00adra\u00adles sean pro\u00adve\u00adnien\u00adtes de las co\u00admu\u00adni\u00adda\u00addes afro descendientes del oc\u00adci\u00adden\u00adte co\u00adlom\u00adbiano, as\u00ed mismo, a es\u00adtu\u00addian\u00adtes, pro\u00adfe\u00adso\u00adres, in\u00adves\u00adti\u00adga\u00addo\u00adres del fol\u00adclor, y a per\u00adso\u00adnas que deseen am\u00adpliar su co\u00adno\u00adci\u00admien\u00adto sobre las\u00a0ma\u00adni\u00adfes\u00adta\u00adcio\u00adnes cul\u00adtu\u00adra\u00adles del pa\u00adc\u00ed\u00adfi\u00adco.<\/p>\n<p>Pac\u00edfico M\u00fasica y Leyenda va <strong>todos los s\u00e1bados de 1 pm a 2 pm.<\/strong> Pro\u00adyec\u00adto rea\u00adli\u00adza\u00addo por ER\u00adNES\u00adTO\u00a0ES\u00adTE\u00adBAN GON\u00adZ\u00c1\u00adLEZ S.<\/p>\n","protected":false},"excerpt":{"rendered":"<p>El pro\u00adgra\u00adma de radio PA\u00adC\u00cd\u00adFI\u00adCO M\u00da\u00adSI\u00adCA Y LE\u00adYEN\u00adDA tiene como ob\u00adje\u00adto prin\u00adci\u00adpal dar a co\u00adno\u00adcer la ri\u00adque\u00adza\u00a0mu\u00adsi\u00adcal del li\u00adto\u00adral Pa\u00adc\u00ed\u00adfi\u00adco co\u00adlom\u00adbiano, y re\u00adcrear las cos\u00adtum\u00adbres, pr\u00e1c\u00adti\u00adcas, mitos y le\u00adyen\u00addas de las\u00a0co\u00admu\u00adni\u00adda\u00addes afro descendientes del oc\u00adci\u00adden\u00adte co\u00adlom\u00adbiano. Ade\u00adm\u00e1s de pro\u00admo\u00adcio\u00adnar las pro\u00adduc\u00adcio\u00adnes dis\u00adco\u00adgr\u00e1\u00adfi\u00adcas que con\u00adten\u00adgan m\u00fa\u00adsi\u00adca del Pa\u00adc\u00ed\u00adfi\u00adco en sus di\u00adfe\u00adren\u00adtes[&#8230;]<\/p>\n","protected":false},"author":1,"featured_media":18014,"parent":0,"menu_order":0,"comment_status":"closed","ping_status":"open","template":"","meta":{"footnotes":""},"_links":{"self":[{"href":"https:\/\/emisora.univalle.edu.co\/index.php\/wp-json\/wp\/v2\/pages\/615"}],"collection":[{"href":"https:\/\/emisora.univalle.edu.co\/index.php\/wp-json\/wp\/v2\/pages"}],"about":[{"href":"https:\/\/emisora.univalle.edu.co\/index.php\/wp-json\/wp\/v2\/types\/page"}],"author":[{"embeddable":true,"href":"https:\/\/emisora.univalle.edu.co\/index.php\/wp-json\/wp\/v2\/users\/1"}],"replies":[{"embeddable":true,"href":"https:\/\/emisora.univalle.edu.co\/index.php\/wp-json\/wp\/v2\/comments?post=615"}],"version-history":[{"count":5,"href":"https:\/\/emisora.univalle.edu.co\/index.php\/wp-json\/wp\/v2\/pages\/615\/revisions"}],"predecessor-version":[{"id":21069,"href":"https:\/\/emisora.univalle.edu.co\/index.php\/wp-json\/wp\/v2\/pages\/615\/revisions\/21069"}],"wp:featuredmedia":[{"embeddable":true,"href":"https:\/\/emisora.univalle.edu.co\/index.php\/wp-json\/wp\/v2\/media\/18014"}],"wp:attachment":[{"href":"https:\/\/emisora.univalle.edu.co\/index.php\/wp-json\/wp\/v2\/media?parent=615"}],"curies":[{"name":"wp","href":"https:\/\/api.w.org\/{rel}","templated":true}]}}